{"id":2,"date":"2023-04-22T20:29:31","date_gmt":"2023-04-22T18:29:31","guid":{"rendered":"https:\/\/www.susannewessely.de\/wortpresse\/?page_id=2"},"modified":"2024-11-27T00:29:57","modified_gmt":"2024-11-26T23:29:57","slug":"beispiel-seite","status":"publish","type":"page","link":"https:\/\/www.susannewessely.de\/wortpresse\/","title":{"rendered":"Start"},"content":{"rendered":"\n<p>&#8222;Musik dr\u00fcckt das aus, was nicht gesagt werden kann und wor\u00fcber zu schweigen unm\u00f6glich ist.&#8220;<br><em>Victor Hugo<\/em><\/p>\n\n\n\n<p>Erlebe Deinen K\u00f6rper als Instrument, Deine Stimme als Kommunikationsmittel &#8230;<\/p>\n\n\n<div class=\"wp-block-image is-style-default\">\n<figure class=\"alignleft size-large\"><img loading=\"lazy\" decoding=\"async\" width=\"671\" height=\"1024\" src=\"https:\/\/www.susannewessely.de\/wortpresse\/wp-content\/uploads\/2023\/05\/Wessely-Susanne_07-671x1024.jpg\" alt=\"Susanne Wessely\" class=\"wp-image-25\" srcset=\"https:\/\/www.susannewessely.de\/wortpresse\/wp-content\/uploads\/2023\/05\/Wessely-Susanne_07-671x1024.jpg 671w, https:\/\/www.susannewessely.de\/wortpresse\/wp-content\/uploads\/2023\/05\/Wessely-Susanne_07-197x300.jpg 197w, https:\/\/www.susannewessely.de\/wortpresse\/wp-content\/uploads\/2023\/05\/Wessely-Susanne_07-768x1172.jpg 768w, https:\/\/www.susannewessely.de\/wortpresse\/wp-content\/uploads\/2023\/05\/Wessely-Susanne_07-1007x1536.jpg 1007w, https:\/\/www.susannewessely.de\/wortpresse\/wp-content\/uploads\/2023\/05\/Wessely-Susanne_07-1342x2048.jpg 1342w, https:\/\/www.susannewessely.de\/wortpresse\/wp-content\/uploads\/2023\/05\/Wessely-Susanne_07-scaled.jpg 1678w\" sizes=\"auto, (max-width: 671px) 100vw, 671px\" \/><\/figure>\n<\/div>\n\n\n<p>Singen ist mehr als nur das Erzeugen von T\u00f6nen, es ist Ausdruck von Lebendigkeit, Leidenschaft und Lebensfreude. <\/p>\n\n\n\n<p>Mit einer erfahrenen Begleiterin an der Seite, die diese Leidenschaft teilt und inspiriert, wird eine Gesangsstunde zu einer gelebten Erfahrung. Sie f\u00fchrt Dich durch Ihre jahrelange Erfahrung sicher an die Grenzen des Erfahrbaren und sanft heran an neue s\u00e4ngerische Herausforderungen.<\/p>\n\n\n\n<p>Also trau Dich lebendig zu sein&#8230; \u00f6ffne Deine Stimme und lass Dich begeistern von einer Lehrerin, die nicht nur Dein K\u00f6nnen, sondern auch Dein Herz st\u00e4rkt!<\/p>\n\n\n\n<p> &#8230;.starte Deine Reise zu einer ver\u00e4nderten, kraftvollen Stimme!<\/p>\n\n\n\n<p>Susanne Wessely<br>in Bad Honnef oder in K\u00f6ln in der Lindenstra\u00dfe<\/p>\n\n\n\n<p>Telefon: <a href=\"tel:+491771978687\">0177 1978687<\/a><\/p>\n","protected":false},"excerpt":{"rendered":"<p>&#8222;Musik dr\u00fcckt das aus, was nicht gesagt werden kann und wor\u00fcber zu schweigen unm\u00f6glich ist.&#8220;Victor Hugo Erlebe Deinen K\u00f6rper als Instrument, Deine Stimme als Kommunikationsmittel &#8230; Singen ist mehr als nur das Erzeugen von T\u00f6nen, es ist Ausdruck von Lebendigkeit, Leidenschaft und Lebensfreude. Mit einer erfahrenen Begleiterin an der Seite, die diese Leidenschaft teilt und&hellip; <a class=\"more-link\" href=\"https:\/\/www.susannewessely.de\/wortpresse\/\"><span class=\"screen-reader-text\">Start<\/span> weiterlesen<\/a><\/p>\n","protected":false},"author":1,"featured_media":0,"parent":0,"menu_order":0,"comment_status":"closed","ping_status":"open","template":"","meta":{"footnotes":""},"class_list":["post-2","page","type-page","status-publish","hentry","entry"],"_links":{"self":[{"href":"https:\/\/www.susannewessely.de\/wortpresse\/wp-json\/wp\/v2\/pages\/2","targetHints":{"allow":["GET"]}}],"collection":[{"href":"https:\/\/www.susannewessely.de\/wortpresse\/wp-json\/wp\/v2\/pages"}],"about":[{"href":"https:\/\/www.susannewessely.de\/wortpresse\/wp-json\/wp\/v2\/types\/page"}],"author":[{"embeddable":true,"href":"https:\/\/www.susannewessely.de\/wortpresse\/wp-json\/wp\/v2\/users\/1"}],"replies":[{"embeddable":true,"href":"https:\/\/www.susannewessely.de\/wortpresse\/wp-json\/wp\/v2\/comments?post=2"}],"version-history":[{"count":23,"href":"https:\/\/www.susannewessely.de\/wortpresse\/wp-json\/wp\/v2\/pages\/2\/revisions"}],"predecessor-version":[{"id":93,"href":"https:\/\/www.susannewessely.de\/wortpresse\/wp-json\/wp\/v2\/pages\/2\/revisions\/93"}],"wp:attachment":[{"href":"https:\/\/www.susannewessely.de\/wortpresse\/wp-json\/wp\/v2\/media?parent=2"}],"curies":[{"name":"wp","href":"https:\/\/api.w.org\/{rel}","templated":true}]}}