{"id":47,"date":"2023-05-09T00:02:39","date_gmt":"2023-05-08T22:02:39","guid":{"rendered":"https:\/\/www.susannewessely.de\/wortpresse\/?page_id=47"},"modified":"2023-05-09T00:02:39","modified_gmt":"2023-05-08T22:02:39","slug":"unterrichtskonzept","status":"publish","type":"page","link":"https:\/\/www.susannewessely.de\/wortpresse\/unterrichtskonzept\/","title":{"rendered":"Unterrichtskonzept"},"content":{"rendered":"\n<p>Unterricht, der Dich fordert und f\u00f6rdert, denn das Wichtigste beim Singen ist Freude und Leichtigkeit.<br>Wir arbeiten zusammen &#8211; in einer gesch\u00fctzten und angenehmen Atmosph\u00e4re &#8211; Schritt f\u00fcr Schritt an Deinen Schw\u00e4chen und bilden durch kontinuierliches Training ein Fundament f\u00fcr einen gesunden und ausdrucksstarken Gesang.<\/p>\n\n\n\n<p>Es ist mir wichtig, dass Du dich wohl f\u00fchlst, denn das ist f\u00fcr einen guten Gesangunterricht ebenso notwendig, wie ein intuitiver Umgang mit der eigenen Stimme und dem Erlernen von musiktheoretischen Kenntnissen.<\/p>\n\n\n\n<p>Wir k\u00f6nnen sowohl an der reinen Stimmtechnik als auch musikalisch und interpretatorisch an Songs und Liedern arbeiten. Wie die Zusammensetzung dieser beiden Hauptbereiche aussieht und ob einer der Bereiche mehr oder weniger Gewicht in der Gesangsstunde bekommt, ist abh\u00e4ngig vom Fokus, den W\u00fcnschen und nicht zuletzt vom Deinem K\u00f6nnen. Entsprechend arbeite ich absolut individuell.<\/p>\n\n\n\n<p>Mir liegen die Freude am Singen, das aufbauende Vorgehen bei der Verbesserung der s\u00e4ngerischen F\u00e4higkeiten, vor Allem aber die liebevolle Annahme der eigenen Stimme als Teil des Selbst besonders am Herzen.<\/p>\n\n\n\n<p>Dies alles sind Aufgaben, die neben hoher Fachkompetenz und Erfahrung gro\u00dfe Flexibilit\u00e4t im Umgang mit Menschen erfordern sowie Empathie, Enthusiasmus, Vertrauensw\u00fcrdigkeit und nicht zuletzt ein gesundes Ma\u00df an Humor. Ein guter Vocalcoach bringt diese F\u00e4higkeiten mit und ist dar\u00fcber hinaus in der Lage, bei der Arbeit mit K\u00fcnstlern sein Ego absolut in den Hintergrund zu stellen.<\/p>\n","protected":false},"excerpt":{"rendered":"<p>Unterricht, der Dich fordert und f\u00f6rdert, denn das Wichtigste beim Singen ist Freude und Leichtigkeit.Wir arbeiten zusammen &#8211; in einer gesch\u00fctzten und angenehmen Atmosph\u00e4re &#8211; Schritt f\u00fcr Schritt an Deinen Schw\u00e4chen und bilden durch kontinuierliches Training ein Fundament f\u00fcr einen gesunden und ausdrucksstarken Gesang. Es ist mir wichtig, dass Du dich wohl f\u00fchlst, denn das&hellip; <a class=\"more-link\" href=\"https:\/\/www.susannewessely.de\/wortpresse\/unterrichtskonzept\/\"><span class=\"screen-reader-text\">Unterrichtskonzept<\/span> weiterlesen<\/a><\/p>\n","protected":false},"author":2,"featured_media":0,"parent":0,"menu_order":0,"comment_status":"closed","ping_status":"closed","template":"","meta":{"footnotes":""},"class_list":["post-47","page","type-page","status-publish","hentry","entry"],"_links":{"self":[{"href":"https:\/\/www.susannewessely.de\/wortpresse\/wp-json\/wp\/v2\/pages\/47","targetHints":{"allow":["GET"]}}],"collection":[{"href":"https:\/\/www.susannewessely.de\/wortpresse\/wp-json\/wp\/v2\/pages"}],"about":[{"href":"https:\/\/www.susannewessely.de\/wortpresse\/wp-json\/wp\/v2\/types\/page"}],"author":[{"embeddable":true,"href":"https:\/\/www.susannewessely.de\/wortpresse\/wp-json\/wp\/v2\/users\/2"}],"replies":[{"embeddable":true,"href":"https:\/\/www.susannewessely.de\/wortpresse\/wp-json\/wp\/v2\/comments?post=47"}],"version-history":[{"count":6,"href":"https:\/\/www.susannewessely.de\/wortpresse\/wp-json\/wp\/v2\/pages\/47\/revisions"}],"predecessor-version":[{"id":77,"href":"https:\/\/www.susannewessely.de\/wortpresse\/wp-json\/wp\/v2\/pages\/47\/revisions\/77"}],"wp:attachment":[{"href":"https:\/\/www.susannewessely.de\/wortpresse\/wp-json\/wp\/v2\/media?parent=47"}],"curies":[{"name":"wp","href":"https:\/\/api.w.org\/{rel}","templated":true}]}}