{"id":62,"date":"2023-05-09T00:03:03","date_gmt":"2023-05-08T22:03:03","guid":{"rendered":"https:\/\/www.susannewessely.de\/wortpresse\/?page_id=62"},"modified":"2025-07-20T14:28:51","modified_gmt":"2025-07-20T12:28:51","slug":"was-biete-ich-an","status":"publish","type":"page","link":"https:\/\/www.susannewessely.de\/wortpresse\/was-biete-ich-an\/","title":{"rendered":"Was biete ich an?"},"content":{"rendered":"\n<p><strong>Gesangsunterricht f\u00fcr Anf\u00e4nger &amp; Fortgeschrittene<\/strong><\/p>\n\n\n\n<p><strong>Musikstile:<\/strong> Klassischen Gesang, Pop, Jazz, RnB, Musical<\/p>\n\n\n\n<p>Eigenwahrnehmung<br>gesunder Stimmgebrauch<br>Richtiges H\u00f6ren der eigenen Stimme<br>Stimme ausprobieren und kennen lernen<\/p>\n\n\n\n<p><strong>Funktionale Stimmbildung:<\/strong><br>Stimmphysiologie &amp; Stimmgesundheit<br>Stimmgesundheit im Allgemeinen<br>Richtige K\u00f6rperhaltung beim Singen<br>Richtige Atemf\u00fchrung<\/p>\n\n\n\n<p><strong>Musikalisch-k\u00fcnstlerische Arbeit:<\/strong><br>Verbesserung der Intonation und Phrasierung<br>Korrekte Aussprache, Artikulation und Phonation<br>Emotionaler Ausdruck<br>Interpretation, Einf\u00fchlungsverm\u00f6gen \/ Stimme und Psyche<\/p>\n\n\n\n<p><strong>St\u00e4rken des Selbstvertrauens!<\/strong><\/p>\n\n\n\n<p><br><\/p>\n\n\n\n<p><br><br><br><br><br><br><br><br><br><\/p>\n","protected":false},"excerpt":{"rendered":"<p>Gesangsunterricht f\u00fcr Anf\u00e4nger &amp; Fortgeschrittene Musikstile: Klassischen Gesang, Pop, Jazz, RnB, Musical Eigenwahrnehmunggesunder StimmgebrauchRichtiges H\u00f6ren der eigenen StimmeStimme ausprobieren und kennen lernen Funktionale Stimmbildung:Stimmphysiologie &amp; StimmgesundheitStimmgesundheit im AllgemeinenRichtige K\u00f6rperhaltung beim SingenRichtige Atemf\u00fchrung Musikalisch-k\u00fcnstlerische Arbeit:Verbesserung der Intonation und PhrasierungKorrekte Aussprache, Artikulation und PhonationEmotionaler AusdruckInterpretation, Einf\u00fchlungsverm\u00f6gen \/ Stimme und Psyche St\u00e4rken des Selbstvertrauens!<\/p>\n","protected":false},"author":2,"featured_media":0,"parent":0,"menu_order":0,"comment_status":"closed","ping_status":"closed","template":"","meta":{"footnotes":""},"class_list":["post-62","page","type-page","status-publish","hentry","entry"],"_links":{"self":[{"href":"https:\/\/www.susannewessely.de\/wortpresse\/wp-json\/wp\/v2\/pages\/62","targetHints":{"allow":["GET"]}}],"collection":[{"href":"https:\/\/www.susannewessely.de\/wortpresse\/wp-json\/wp\/v2\/pages"}],"about":[{"href":"https:\/\/www.susannewessely.de\/wortpresse\/wp-json\/wp\/v2\/types\/page"}],"author":[{"embeddable":true,"href":"https:\/\/www.susannewessely.de\/wortpresse\/wp-json\/wp\/v2\/users\/2"}],"replies":[{"embeddable":true,"href":"https:\/\/www.susannewessely.de\/wortpresse\/wp-json\/wp\/v2\/comments?post=62"}],"version-history":[{"count":6,"href":"https:\/\/www.susannewessely.de\/wortpresse\/wp-json\/wp\/v2\/pages\/62\/revisions"}],"predecessor-version":[{"id":99,"href":"https:\/\/www.susannewessely.de\/wortpresse\/wp-json\/wp\/v2\/pages\/62\/revisions\/99"}],"wp:attachment":[{"href":"https:\/\/www.susannewessely.de\/wortpresse\/wp-json\/wp\/v2\/media?parent=62"}],"curies":[{"name":"wp","href":"https:\/\/api.w.org\/{rel}","templated":true}]}}